{"id":1691,"date":"2022-03-15T11:22:53","date_gmt":"2022-03-15T10:22:53","guid":{"rendered":"https:\/\/preprod.beirens.fr\/nous-contacter\/"},"modified":"2024-01-05T12:06:58","modified_gmt":"2024-01-05T11:06:58","slug":"contact-us","status":"publish","type":"page","link":"https:\/\/beirens.fr\/en\/contact-us\/","title":{"rendered":"Contact us"},"content":{"rendered":"<p>[et_pb_section fb_built=&#8221;1&#8243; _builder_version=&#8221;4.14.9&#8243; _module_preset=&#8221;default&#8221; custom_padding=&#8221;2px||2px||true|&#8221; global_colors_info=&#8221;{}&#8221;][et_pb_row _builder_version=&#8221;4.14.9&#8243; _module_preset=&#8221;default&#8221; custom_padding=&#8221;15px||15px||true|&#8221; global_colors_info=&#8221;{}&#8221;][et_pb_column type=&#8221;4_4&#8243; _builder_version=&#8221;4.14.9&#8243; _module_preset=&#8221;default&#8221; global_colors_info=&#8221;{}&#8221;][lwp_divi_breadcrumbs use_before_icon=&#8221;on&#8221; before_icon=&#8221;&#xe009;||divi||400&#8243; link_color=&#8221;#000000&#8243; separator_color=&#8221;#000000&#8243; current_text_color=&#8221;#C90C0F&#8221; _builder_version=&#8221;4.14.9&#8243; _module_preset=&#8221;default&#8221; text_orientation=&#8221;left&#8221; global_colors_info=&#8221;{}&#8221;][\/lwp_divi_breadcrumbs][\/et_pb_column][\/et_pb_row][\/et_pb_section][et_pb_section fb_built=&#8221;1&#8243; _builder_version=&#8221;4.14.9&#8243; _module_preset=&#8221;default&#8221; background_color=&#8221;RGBA(10,10,10,0.39)&#8221; use_background_color_gradient=&#8221;on&#8221; background_color_gradient_start=&#8221;rgba(0,0,0,0.2)&#8221; background_color_gradient_end=&#8221;rgba(0,0,0,0.46)&#8221; background_color_gradient_overlays_image=&#8221;on&#8221; background_image=&#8221;https:\/\/beirens.fr\/wp-content\/uploads\/2022\/03\/Header_Beirens.png&#8221; background_last_edited=&#8221;off|desktop&#8221; global_colors_info=&#8221;{}&#8221;][et_pb_row _builder_version=&#8221;4.14.9&#8243; _module_preset=&#8221;default&#8221; global_colors_info=&#8221;{}&#8221;][et_pb_column type=&#8221;4_4&#8243; _builder_version=&#8221;4.14.9&#8243; _module_preset=&#8221;default&#8221; global_colors_info=&#8221;{}&#8221;][et_pb_text _builder_version=&#8221;4.14.9&#8243; _module_preset=&#8221;default&#8221; header_font=&#8221;Montserrat|700|||||||&#8221; header_text_color=&#8221;#FFFFFF&#8221; header_font_size=&#8221;50px&#8221; global_colors_info=&#8221;{}&#8221;]<\/p>\n<h1 style=\"text-align: center;\">Contact us<\/h1>\n<p>[\/et_pb_text][\/et_pb_column][\/et_pb_row][\/et_pb_section][et_pb_section fb_built=&#8221;1&#8243; _builder_version=&#8221;4.14.9&#8243; _module_preset=&#8221;default&#8221; module_alignment=&#8221;center&#8221; custom_padding=&#8221;30px||30px||true|&#8221; global_colors_info=&#8221;{}&#8221;][et_pb_row column_structure=&#8221;1_3,1_3,1_3&#8243; _builder_version=&#8221;4.14.9&#8243; _module_preset=&#8221;default&#8221; custom_padding=&#8221;||3px|||&#8221; module_alignment_tablet=&#8221;center&#8221; module_alignment_phone=&#8221;center&#8221; module_alignment_last_edited=&#8221;on|tablet&#8221; global_colors_info=&#8221;{}&#8221; custom_css_main_element_last_edited=&#8221;on|tablet&#8221; custom_css_main_element_tablet=&#8221;display: flex;||justify-content: space-between !important; &#8221; custom_css_main_element_phone=&#8221;flex-direction: row;&#8221;][et_pb_column type=&#8221;1_3&#8243; _builder_version=&#8221;4.14.9&#8243; _module_preset=&#8221;default&#8221; global_colors_info=&#8221;{}&#8221;][et_pb_text _builder_version=&#8221;4.14.9&#8243; _module_preset=&#8221;default&#8221; header_font_size=&#8221;26px&#8221; header_4_font=&#8221;|700||on|||||&#8221; header_4_text_color=&#8221;#878787&#8243; global_colors_info=&#8221;{}&#8221;]<\/p>\n<h4 style=\"text-align: center;\">Address<\/h4>\n<p style=\"text-align: center;\"><span>1 rue Raymond Gond,<\/span><br \/><span>Zac Val de l\u2019Indre \u2013<\/span><br \/><span>36500 BUZANCAIS<\/span><br \/><span>FRANCE<\/span><\/p>\n<p>[\/et_pb_text][\/et_pb_column][et_pb_column type=&#8221;1_3&#8243; _builder_version=&#8221;4.14.9&#8243; _module_preset=&#8221;default&#8221; global_colors_info=&#8221;{}&#8221;][et_pb_text _builder_version=&#8221;4.14.9&#8243; _module_preset=&#8221;default&#8221; header_4_font=&#8221;|700||on|||||&#8221; header_4_text_color=&#8221;#878787&#8243; global_colors_info=&#8221;{}&#8221;]<\/p>\n<h4 style=\"text-align: center;\">Phone number<\/h4>\n<p style=\"text-align: center;\">+33(0)2 54 38 48 07<\/p>\n<h4 style=\"text-align: center;\">FAX<\/h4>\n<p style=\"text-align: center;\">+33(0)2 54 38 51 15<\/p>\n<p>[\/et_pb_text][\/et_pb_column][et_pb_column type=&#8221;1_3&#8243; _builder_version=&#8221;4.14.9&#8243; _module_preset=&#8221;default&#8221; global_colors_info=&#8221;{}&#8221;][et_pb_text _builder_version=&#8221;4.14.9&#8243; _module_preset=&#8221;default&#8221; header_4_font=&#8221;|700||on|||||&#8221; header_4_text_color=&#8221;#878787&#8243; module_alignment_tablet=&#8221;right&#8221; module_alignment_phone=&#8221;right&#8221; module_alignment_last_edited=&#8221;on|tablet&#8221; global_colors_info=&#8221;{}&#8221;]<\/p>\n<h4 style=\"text-align: center;\">E-MAIL<\/h4>\n<p style=\"text-align: center;\">infos@beirens.fr<\/p>\n<p>[\/et_pb_text][\/et_pb_column][\/et_pb_row][\/et_pb_section][et_pb_section fb_built=&#8221;1&#8243; _builder_version=&#8221;4.14.9&#8243; _module_preset=&#8221;default&#8221; custom_padding=&#8221;2px||2px||true|&#8221; global_colors_info=&#8221;{}&#8221;][et_pb_row _builder_version=&#8221;4.14.9&#8243; _module_preset=&#8221;default&#8221; global_colors_info=&#8221;{}&#8221;][et_pb_column type=&#8221;4_4&#8243; _builder_version=&#8221;4.14.9&#8243; _module_preset=&#8221;default&#8221; global_colors_info=&#8221;{}&#8221; custom_css_main_element_last_edited=&#8221;on|desktop&#8221;][et_pb_contact_form use_spam_service=&#8221;on&#8221; recaptcha_list=&#8221;Beirens|Beirens-0&#8243; email=&#8221;infos@beirens.fr&#8221; title=&#8221;Leave us a message&#8221; custom_message=&#8221;%%Civilite%% %%Nom%% %%Prenom%%,||et_pb_line_break_holder||||et_pb_line_break_holder||Sujet : %%Sujet%%||et_pb_line_break_holder||%%Message%%||et_pb_line_break_holder||||et_pb_line_break_holder||Vous pouvez le contacter sur %%Email%% ou au %%Telephone%%&#8221; success_message=&#8221;Your message has been sent!&#8221; submit_button_text=&#8221;Send my message&#8221; _builder_version=&#8221;4.14.9&#8243; _module_preset=&#8221;default&#8221; _unique_id=&#8221;20083e56-1ed4-42af-9928-46a16274bb86&#8243; form_field_background_color=&#8221;#FFFFFF&#8221; form_field_text_color=&#8221;#000000&#8243; form_field_focus_background_color=&#8221;#FFFFFF&#8221; form_field_focus_text_color=&#8221;#433D3B&#8221; title_level=&#8221;h4&#8243; title_font=&#8221;Montserrat|700||on|||||&#8221; title_text_color=&#8221;#878787&#8243; captcha_font=&#8221;Montserrat||||||||&#8221; captcha_text_color=&#8221;#433D3B&#8221; form_field_font=&#8221;Montserrat||||||||&#8221; background_color=&#8221;#FFFFFF&#8221; custom_button=&#8221;on&#8221; button_text_size=&#8221;14px&#8221; button_text_color=&#8221;#FFFFFF&#8221; button_bg_color=&#8221;#C90C0F&#8221; button_border_width=&#8221;10px&#8221; button_border_color=&#8221;#C90C0F&#8221; button_border_radius=&#8221;0px&#8221; button_font=&#8221;Montserrat|||on|||||&#8221; button_custom_margin=&#8221;|||20px|false|false&#8221; width=&#8221;100%&#8221; custom_margin=&#8221;|0px||||&#8221; hover_enabled=&#8221;0&#8243; border_color_all=&#8221;#C90C0F&#8221; border_width_bottom=&#8221;1px&#8221; global_colors_info=&#8221;{}&#8221; sticky_enabled=&#8221;0&#8243;][et_pb_contact_field field_id=&#8221;Civilite&#8221; field_title=&#8221;Civility&#8221; field_type=&#8221;select&#8221; select_options=&#8221;%91{%22value%22:%22Ms.%22,%22checked%22:0,%22dragID%22:-1},{%22value%22:%22Mr.%22,%22checked%22:0,%22dragID%22:0}%93&#8243; fullwidth_field=&#8221;on&#8221; _builder_version=&#8221;4.14.9&#8243; _module_preset=&#8221;default&#8221; custom_css_main_element=&#8221;width: 50%&#8221; global_colors_info=&#8221;{}&#8221; custom_css_main_element_last_edited=&#8221;on|phone&#8221; custom_css_main_element_tablet=&#8221;width: 50%&#8221; custom_css_main_element_phone=&#8221;width: 100%&#8221;][\/et_pb_contact_field][et_pb_contact_field field_id=&#8221;Nom&#8221; field_title=&#8221;Name&#8221; _builder_version=&#8221;4.14.9&#8243; global_colors_info=&#8221;{}&#8221; button_text_size__hover_enabled=&#8221;off&#8221; button_one_text_size__hover_enabled=&#8221;off&#8221; button_two_text_size__hover_enabled=&#8221;off&#8221; button_text_color__hover_enabled=&#8221;off&#8221; button_one_text_color__hover_enabled=&#8221;off&#8221; button_two_text_color__hover_enabled=&#8221;off&#8221; button_border_width__hover_enabled=&#8221;off&#8221; button_one_border_width__hover_enabled=&#8221;off&#8221; button_two_border_width__hover_enabled=&#8221;off&#8221; button_border_color__hover_enabled=&#8221;off&#8221; button_one_border_color__hover_enabled=&#8221;off&#8221; button_two_border_color__hover_enabled=&#8221;off&#8221; button_border_radius__hover_enabled=&#8221;off&#8221; button_one_border_radius__hover_enabled=&#8221;off&#8221; button_two_border_radius__hover_enabled=&#8221;off&#8221; button_letter_spacing__hover_enabled=&#8221;off&#8221; button_one_letter_spacing__hover_enabled=&#8221;off&#8221; button_two_letter_spacing__hover_enabled=&#8221;off&#8221; button_bg_color__hover_enabled=&#8221;off&#8221; button_one_bg_color__hover_enabled=&#8221;off&#8221; button_two_bg_color__hover_enabled=&#8221;off&#8221;][\/et_pb_contact_field][et_pb_contact_field field_id=&#8221;Prenom&#8221; field_title=&#8221;First name&#8221; _builder_version=&#8221;4.14.9&#8243; global_colors_info=&#8221;{}&#8221; button_text_size__hover_enabled=&#8221;off&#8221; button_one_text_size__hover_enabled=&#8221;off&#8221; button_two_text_size__hover_enabled=&#8221;off&#8221; button_text_color__hover_enabled=&#8221;off&#8221; button_one_text_color__hover_enabled=&#8221;off&#8221; button_two_text_color__hover_enabled=&#8221;off&#8221; button_border_width__hover_enabled=&#8221;off&#8221; button_one_border_width__hover_enabled=&#8221;off&#8221; button_two_border_width__hover_enabled=&#8221;off&#8221; button_border_color__hover_enabled=&#8221;off&#8221; button_one_border_color__hover_enabled=&#8221;off&#8221; button_two_border_color__hover_enabled=&#8221;off&#8221; button_border_radius__hover_enabled=&#8221;off&#8221; button_one_border_radius__hover_enabled=&#8221;off&#8221; button_two_border_radius__hover_enabled=&#8221;off&#8221; button_letter_spacing__hover_enabled=&#8221;off&#8221; button_one_letter_spacing__hover_enabled=&#8221;off&#8221; button_two_letter_spacing__hover_enabled=&#8221;off&#8221; button_bg_color__hover_enabled=&#8221;off&#8221; button_one_bg_color__hover_enabled=&#8221;off&#8221; button_two_bg_color__hover_enabled=&#8221;off&#8221;][\/et_pb_contact_field][et_pb_contact_field field_id=&#8221;Email&#8221; field_title=&#8221;E-mail&#8221; field_type=&#8221;email&#8221; _builder_version=&#8221;4.14.9&#8243; _module_preset=&#8221;default&#8221; global_colors_info=&#8221;{}&#8221;][\/et_pb_contact_field][et_pb_contact_field field_id=&#8221;Telephone&#8221; field_title=&#8221;Phone number&#8221; _builder_version=&#8221;4.14.9&#8243; _module_preset=&#8221;default&#8221; global_colors_info=&#8221;{}&#8221;][\/et_pb_contact_field][et_pb_contact_field field_id=&#8221;Sujet&#8221; field_title=&#8221;Subject&#8221; _builder_version=&#8221;4.14.9&#8243; _module_preset=&#8221;default&#8221; global_colors_info=&#8221;{}&#8221;][\/et_pb_contact_field][et_pb_contact_field field_id=&#8221;Message&#8221; field_title=&#8221;Message&#8221; field_type=&#8221;text&#8221; fullwidth_field=&#8221;on&#8221; _builder_version=&#8221;3.16&#8243; global_colors_info=&#8221;{}&#8221; button_text_size__hover_enabled=&#8221;off&#8221; button_one_text_size__hover_enabled=&#8221;off&#8221; button_two_text_size__hover_enabled=&#8221;off&#8221; button_text_color__hover_enabled=&#8221;off&#8221; button_one_text_color__hover_enabled=&#8221;off&#8221; button_two_text_color__hover_enabled=&#8221;off&#8221; button_border_width__hover_enabled=&#8221;off&#8221; button_one_border_width__hover_enabled=&#8221;off&#8221; button_two_border_width__hover_enabled=&#8221;off&#8221; button_border_color__hover_enabled=&#8221;off&#8221; button_one_border_color__hover_enabled=&#8221;off&#8221; button_two_border_color__hover_enabled=&#8221;off&#8221; button_border_radius__hover_enabled=&#8221;off&#8221; button_one_border_radius__hover_enabled=&#8221;off&#8221; button_two_border_radius__hover_enabled=&#8221;off&#8221; button_letter_spacing__hover_enabled=&#8221;off&#8221; button_one_letter_spacing__hover_enabled=&#8221;off&#8221; button_two_letter_spacing__hover_enabled=&#8221;off&#8221; button_bg_color__hover_enabled=&#8221;off&#8221; button_one_bg_color__hover_enabled=&#8221;off&#8221; button_two_bg_color__hover_enabled=&#8221;off&#8221;][\/et_pb_contact_field][et_pb_contact_field field_id=&#8221;RGPD&#8221; field_title=&#8221; &#8221; field_type=&#8221;checkbox&#8221; checkbox_options=&#8221;%91{%22value%22:%22J&#8217;accepte l&#8217;utilisation de mes donn\u00e9es personnelles dans le cadre du traitement de ma demande. %22,%22checked%22:0,%22dragID%22:-1,%22link_url%22:%22\/mentions-legales\/%22,%22link_text%22:%22Voir les mentions l\u00e9gales &#8211; article 5%22}%93&#8243; fullwidth_field=&#8221;on&#8221; _builder_version=&#8221;4.14.9&#8243; _module_preset=&#8221;default&#8221; global_colors_info=&#8221;{}&#8221;][\/et_pb_contact_field][\/et_pb_contact_form][\/et_pb_column][\/et_pb_row][et_pb_row _builder_version=&#8221;4.14.9&#8243; _module_preset=&#8221;default&#8221; global_colors_info=&#8221;{}&#8221;][et_pb_column type=&#8221;4_4&#8243; _builder_version=&#8221;4.14.9&#8243; _module_preset=&#8221;default&#8221; global_colors_info=&#8221;{}&#8221;][et_pb_text _builder_version=&#8221;4.14.9&#8243; _module_preset=&#8221;default&#8221; text_font_size=&#8221;10px&#8221; global_colors_info=&#8221;{}&#8221;]<\/p>\n<p><span>Les informations recueillies sur ce formulaire sont enregistr\u00e9es dans un fichier automatis\u00e9 par POUJOULAT SA, BP 01 \u2013 79270 Saint Symphorien, aux fins de traiter votre demande. A ce titre, ces informations pourront faire l\u2019objet d\u2019un transfert \u00e0 nos diff\u00e9rents services internes.<\/span><br \/><span>Les donn\u00e9es collect\u00e9es ne font pas l\u2019objet de transfert \u00e0 des personnes ext\u00e9rieures \u00e0 la soci\u00e9t\u00e9 POUJOULAT.<\/span><br \/><span>Elles seront conserv\u00e9es pour une dur\u00e9e de 3 ans \u00e0 compter de la manifestation de votre consentement.<\/span><br \/><span>Conform\u00e9ment au R\u00e8glement G\u00e9n\u00e9ral sur la Protection des Donn\u00e9es et \u00e0 la loi \u00ab Informatique et Libert\u00e9s \u00bb, vous disposez d\u2019un droit \u00e0 la portabilit\u00e9, de droits d\u2019acc\u00e8s, d\u2019effacement, de rectification de vos donn\u00e9es, de limitation et d\u2019opposition au traitement de vos donn\u00e9es \u00e0 caract\u00e8re personnel. Vous avez enfin la possibilit\u00e9 d\u2019introduire une r\u00e9clamation aupr\u00e8s de la CNIL.<\/span><br \/><span>Pour exercer vos droits, merci de bien vouloir contacter le d\u00e9l\u00e9gu\u00e9 \u00e0 la protection des donn\u00e9es, \u00e0 l\u2019adresse suivante :\u00a0<\/span><a href=\"mailto:dpo@poujoulat.fr\"><span style=\"color: #c90c0f;\">dpo@poujoulat.fr<\/span><\/a><span>.<\/span><\/p>\n<p>[\/et_pb_text][\/et_pb_column][\/et_pb_row][\/et_pb_section]<\/p>\n","protected":false},"excerpt":{"rendered":"<p><div class=\"et_pb_module lwp_divi_breadcrumbs lwp_divi_breadcrumbs_0\">\n\t\t\t\t\n\t\t\t\t\n\t\t\t\t\n\t\t\t\t\n\t\t\t\t<div class=\"et_pb_module_inner\">\n\t\t\t\t\t<div class=\"lwp-breadcrumbs\"><span class=\"before-icon et-pb-icon\">&#xe009;<\/span> <span class=\"before\"><\/span> <span vocab=\"https:\/\/schema.org\/\" typeof=\"BreadcrumbList\"><span property=\"itemListElement\" typeof=\"ListItem\"><a property=\"item\" typeof=\"WebPage\" href=\"https:\/\/beirens.fr\/en\/\" class=\"home\"><span property=\"name\">Home<\/span><\/a><meta property=\"position\" content=\"1\"><\/span> <span class=\"separator et-pb-icon\">&#x39;<\/span> <\/span><\/div>\n\t\t\t\t<\/div>\n\t\t\t<\/div>Contact usAddress 1 rue Raymond Gond,Zac Val de l\u2019Indre \u201336500 BUZANCAISFRANCEPhone number +33(0)2 54 38 48 07 FAX +33(0)2 54 38 51 15E-MAIL infos@beirens.frLes informations recueillies sur ce formulaire sont enregistr\u00e9es dans un fichier automatis\u00e9 par POUJOULAT SA, BP 01 \u2013 79270 Saint Symphorien, aux fins [&hellip;]<\/p>\n","protected":false},"author":4,"featured_media":0,"parent":0,"menu_order":0,"comment_status":"closed","ping_status":"closed","template":"","meta":{"_et_pb_use_builder":"on","_et_pb_old_content":"","_et_gb_content_width":"","inline_featured_image":false},"yoast_head":"<!-- This site is optimized with the Yoast SEO plugin v18.3 - https:\/\/yoast.com\/wordpress\/plugins\/seo\/ -->\n<title>Contact us - Beirens<\/title>\n<meta name=\"robots\" content=\"index, follow, max-snippet:-1, max-image-preview:large, max-video-preview:-1\" \/>\n<link rel=\"canonical\" href=\"https:\/\/beirens.fr\/en\/contact-us\/\" \/>\n<meta property=\"og:locale\" content=\"en_US\" \/>\n<meta property=\"og:type\" content=\"article\" \/>\n<meta property=\"og:title\" content=\"Contact us - Beirens\" \/>\n<meta property=\"og:description\" content=\"Contact usAddress 1 rue Raymond Gond,Zac Val de l\u2019Indre \u201336500 BUZANCAISFRANCEPhone number +33(0)2 54 38 48 07 FAX +33(0)2 54 38 51 15E-MAIL infos@beirens.frLes informations recueillies sur ce formulaire sont enregistr\u00e9es dans un fichier automatis\u00e9 par POUJOULAT SA, BP 01 \u2013 79270 Saint Symphorien, aux fins [&hellip;]\" \/>\n<meta property=\"og:url\" content=\"https:\/\/beirens.fr\/en\/contact-us\/\" \/>\n<meta property=\"og:site_name\" content=\"Beirens\" \/>\n<meta property=\"article:modified_time\" content=\"2024-01-05T11:06:58+00:00\" \/>\n<meta name=\"twitter:card\" content=\"summary_large_image\" \/>\n<script type=\"application\/ld+json\" class=\"yoast-schema-graph\">{\"@context\":\"https:\/\/schema.org\",\"@graph\":[{\"@type\":\"WebSite\",\"@id\":\"https:\/\/beirens.fr\/#website\",\"url\":\"https:\/\/beirens.fr\/\",\"name\":\"Beirens\",\"description\":\"Chemin\u00e9es industrielles, carneaux, silencieux, amortisseurs pour chauffage collectif et production d&#039;\u00e9nergie\",\"potentialAction\":[{\"@type\":\"SearchAction\",\"target\":{\"@type\":\"EntryPoint\",\"urlTemplate\":\"https:\/\/beirens.fr\/?s={search_term_string}\"},\"query-input\":\"required name=search_term_string\"}],\"inLanguage\":\"en-US\"},{\"@type\":\"WebPage\",\"@id\":\"https:\/\/beirens.fr\/en\/contact-us\/#webpage\",\"url\":\"https:\/\/beirens.fr\/en\/contact-us\/\",\"name\":\"Contact us - Beirens\",\"isPartOf\":{\"@id\":\"https:\/\/beirens.fr\/#website\"},\"datePublished\":\"2022-03-15T10:22:53+00:00\",\"dateModified\":\"2024-01-05T11:06:58+00:00\",\"breadcrumb\":{\"@id\":\"https:\/\/beirens.fr\/en\/contact-us\/#breadcrumb\"},\"inLanguage\":\"en-US\",\"potentialAction\":[{\"@type\":\"ReadAction\",\"target\":[\"https:\/\/beirens.fr\/en\/contact-us\/\"]}]},{\"@type\":\"BreadcrumbList\",\"@id\":\"https:\/\/beirens.fr\/en\/contact-us\/#breadcrumb\",\"itemListElement\":[{\"@type\":\"ListItem\",\"position\":1,\"name\":\"Accueil\",\"item\":\"https:\/\/beirens.fr\/en\/\"},{\"@type\":\"ListItem\",\"position\":2,\"name\":\"Contact us\"}]}]}<\/script>\n<!-- \/ Yoast SEO plugin. -->","yoast_head_json":{"title":"Contact us - Beirens","robots":{"index":"index","follow":"follow","max-snippet":"max-snippet:-1","max-image-preview":"max-image-preview:large","max-video-preview":"max-video-preview:-1"},"canonical":"https:\/\/beirens.fr\/en\/contact-us\/","og_locale":"en_US","og_type":"article","og_title":"Contact us - Beirens","og_description":"Contact usAddress 1 rue Raymond Gond,Zac Val de l\u2019Indre \u201336500 BUZANCAISFRANCEPhone number +33(0)2 54 38 48 07 FAX +33(0)2 54 38 51 15E-MAIL infos@beirens.frLes informations recueillies sur ce formulaire sont enregistr\u00e9es dans un fichier automatis\u00e9 par POUJOULAT SA, BP 01 \u2013 79270 Saint Symphorien, aux fins [&hellip;]","og_url":"https:\/\/beirens.fr\/en\/contact-us\/","og_site_name":"Beirens","article_modified_time":"2024-01-05T11:06:58+00:00","twitter_card":"summary_large_image","schema":{"@context":"https:\/\/schema.org","@graph":[{"@type":"WebSite","@id":"https:\/\/beirens.fr\/#website","url":"https:\/\/beirens.fr\/","name":"Beirens","description":"Chemin\u00e9es industrielles, carneaux, silencieux, amortisseurs pour chauffage collectif et production d&#039;\u00e9nergie","potentialAction":[{"@type":"SearchAction","target":{"@type":"EntryPoint","urlTemplate":"https:\/\/beirens.fr\/?s={search_term_string}"},"query-input":"required name=search_term_string"}],"inLanguage":"en-US"},{"@type":"WebPage","@id":"https:\/\/beirens.fr\/en\/contact-us\/#webpage","url":"https:\/\/beirens.fr\/en\/contact-us\/","name":"Contact us - Beirens","isPartOf":{"@id":"https:\/\/beirens.fr\/#website"},"datePublished":"2022-03-15T10:22:53+00:00","dateModified":"2024-01-05T11:06:58+00:00","breadcrumb":{"@id":"https:\/\/beirens.fr\/en\/contact-us\/#breadcrumb"},"inLanguage":"en-US","potentialAction":[{"@type":"ReadAction","target":["https:\/\/beirens.fr\/en\/contact-us\/"]}]},{"@type":"BreadcrumbList","@id":"https:\/\/beirens.fr\/en\/contact-us\/#breadcrumb","itemListElement":[{"@type":"ListItem","position":1,"name":"Accueil","item":"https:\/\/beirens.fr\/en\/"},{"@type":"ListItem","position":2,"name":"Contact us"}]}]}},"_links":{"self":[{"href":"https:\/\/beirens.fr\/en\/wp-json\/wp\/v2\/pages\/1691"}],"collection":[{"href":"https:\/\/beirens.fr\/en\/wp-json\/wp\/v2\/pages"}],"about":[{"href":"https:\/\/beirens.fr\/en\/wp-json\/wp\/v2\/types\/page"}],"author":[{"embeddable":true,"href":"https:\/\/beirens.fr\/en\/wp-json\/wp\/v2\/users\/4"}],"replies":[{"embeddable":true,"href":"https:\/\/beirens.fr\/en\/wp-json\/wp\/v2\/comments?post=1691"}],"version-history":[{"count":7,"href":"https:\/\/beirens.fr\/en\/wp-json\/wp\/v2\/pages\/1691\/revisions"}],"predecessor-version":[{"id":3742,"href":"https:\/\/beirens.fr\/en\/wp-json\/wp\/v2\/pages\/1691\/revisions\/3742"}],"wp:attachment":[{"href":"https:\/\/beirens.fr\/en\/wp-json\/wp\/v2\/media?parent=1691"}],"curies":[{"name":"wp","href":"https:\/\/api.w.org\/{rel}","templated":true}]}}